{"id":10,"date":"2011-07-30T17:09:22","date_gmt":"2011-07-30T17:09:22","guid":{"rendered":"http:\/\/www.davidcassidy.com\/blog\/?page_id=10"},"modified":"2024-04-27T03:24:36","modified_gmt":"2024-04-27T03:24:36","slug":"music","status":"publish","type":"page","link":"https:\/\/www.davidcassidy.com\/blog\/music\/","title":{"rendered":"Music"},"content":{"rendered":"<div id=\"attachment_147\" style=\"width: 223px\" class=\"wp-caption alignright\"><a href=\"http:\/\/www.davidcassidy.com\/blog\/wp-content\/uploads\/2011\/07\/Music1970_ITILY.jpg\"><img loading=\"lazy\" decoding=\"async\" aria-describedby=\"caption-attachment-147\" class=\"size-full wp-image-147 \" style=\"margin: 10px;\" title=\"Music1970_ITILY\" alt=\"1970. David holds the single &quot;I Think I Love You&quot;\" src=\"http:\/\/www.davidcassidy.com\/blog\/wp-content\/uploads\/2011\/07\/Music1970_ITILY.jpg\" width=\"213\" height=\"268\" \/><\/a><p id=\"caption-attachment-147\" class=\"wp-caption-text\">1970. David holds the single &#8220;I Think I Love You&#8221;<\/p><\/div>\n<p>Follow the links below for further details of each of David\u2019s albums and their songs.<\/p>\n<p>Or click on the following links:<\/p>\n<p><a href=\"http:\/\/www.davidcassidy.com\/fansite\/DiscographyPages\/SongLyrics.html\" target=\"_blank\" rel=\"noopener\">Lyrics<\/a><\/p>\n<p><a href=\"http:\/\/www.davidcassidy.com\/fansite\/DiscographyPages\/DCAlbums.html\" target=\"_blank\" rel=\"noopener\">David Cassidy Albums<\/a><\/p>\n<p><a href=\"http:\/\/www.davidcassidy.com\/fansite\/DiscographyPages\/DCSingles.html\" target=\"_blank\" rel=\"noopener\">David Cassidy Singles<\/a><\/p>\n<p><a href=\"http:\/\/www.davidcassidy.com\/fansite\/DiscographyPages\/PFAlbums.html\" target=\"_blank\" rel=\"noopener\">Partridge Family Albums<\/a><\/p>\n<p><a href=\"http:\/\/www.davidcassidy.com\/fansite\/DiscographyPages\/PFSingles.html\" target=\"_blank\" rel=\"noopener\">Partridge Family Singles<\/a><\/p>\n<p><a href=\"http:\/\/www.davidcassidy.com\/fansite\/DiscographyPages\/SongsWrittenByDavid.html\" target=\"_blank\" rel=\"noopener\">Songs written by David<\/a><\/p>\n<p><a href=\"http:\/\/www.davidcassidy.com\/fansite\/DiscographyPages\/DVDsAndVideos.html\" target=\"_blank\" rel=\"noopener\">Music Videos<\/a><\/p>\n<h1>Musical Credits<\/h1>\n<table cellspacing=\"15\">\n<tbody>\n<tr>\n<td width=\"40\"><strong>Year <\/strong><\/td>\n<td width=\"370\"><strong>Album<\/strong><\/td>\n<td width=\"220\"><strong>Artist<\/strong><\/td>\n<td><strong>Credit <\/strong><\/td>\n<\/tr>\n<tr>\n<td width=\"40\">1970<\/td>\n<td><a href=\"http:\/\/www.davidcassidy.com\/fansite\/DiscographyPages\/ThePartridgeFamilyAlbum.html\">The Partridge Family Album<\/a><\/td>\n<td>The Partridge Family<\/td>\n<td>Vocals<\/td>\n<\/tr>\n<tr>\n<td width=\"40\">1971<\/td>\n<td><a href=\"http:\/\/www.davidcassidy.com\/fansite\/DiscographyPages\/UpToDate.html\">Partridge Family Up To Date<\/a><\/td>\n<td>The Partridge Family<\/td>\n<td>Vocals, Lyricist<\/td>\n<\/tr>\n<tr>\n<td width=\"40\">1971<\/td>\n<td><a href=\"http:\/\/www.davidcassidy.com\/fansite\/DiscographyPages\/SoundMagazine.html\">Partridge Family Sound Magazine<\/a><\/td>\n<td>The Partridge Family<\/td>\n<td>Vocals, Lyricist<\/td>\n<\/tr>\n<tr>\n<td>1971<\/td>\n<td><a href=\"http:\/\/www.davidcassidy.com\/fansite\/DiscographyPages\/ChristmasCard.html\">Partridge Family Christmas Card<\/a><\/td>\n<td>The Partridge Family<\/td>\n<td>Vocals<\/td>\n<\/tr>\n<tr>\n<td>1972<\/td>\n<td><a href=\"http:\/\/www.davidcassidy.com\/fansite\/DiscographyPages\/PFAtHomeWithTheirGreatestHits.html\">At Home with Their Greatest Hits<\/a><\/td>\n<td>The Partridge Family<\/td>\n<td>Vocals<\/td>\n<\/tr>\n<tr>\n<td>1972<\/td>\n<td><a href=\"http:\/\/www.davidcassidy.com\/fansite\/DiscographyPages\/Cherish.html\">Cherish<\/a><\/td>\n<td>David Cassidy<\/td>\n<td>Guitar, Percussion, Keyboards, Vocals, Lyricist<\/td>\n<\/tr>\n<tr>\n<td>1972<\/td>\n<td><a href=\"http:\/\/www.davidcassidy.com\/fansite\/DiscographyPages\/ShoppingBag.html\">Partridge Family Shopping Bag<\/a><\/td>\n<td>The Partridge Family<\/td>\n<td>Vocals<\/td>\n<\/tr>\n<tr>\n<td>1972<\/td>\n<td><a href=\"http:\/\/www.davidcassidy.com\/fansite\/DiscographyPages\/RockMeBaby.html\">Rock Me Baby<\/a><\/td>\n<td>David Cassidy<\/td>\n<td>Guitar, Percussion, Keyboards, Vocals<\/td>\n<\/tr>\n<tr>\n<td>1972<\/td>\n<td><a href=\"http:\/\/www.davidcassidy.com\/fansite\/DiscographyPages\/Notebook.html\">Notebook<\/a><\/td>\n<td>The Partridge Family<\/td>\n<td>Vocals<\/td>\n<\/tr>\n<tr>\n<td>1972<\/td>\n<td><a href=\"http:\/\/www.davidcassidy.com\/fansite\/DiscographyPages\/PFAtHomeWithTheirGreatestHits.html\">The Partridge Family At Home With Their Greatest Hits<\/a><\/td>\n<td>The Partridge Family<\/td>\n<td>Vocals<\/td>\n<\/tr>\n<tr>\n<td>1972<\/td>\n<td><a href=\"http:\/\/www.davidcassidy.com\/fansite\/DiscographyPages\/ThePartridgeFamilyPack20.html\">The Partridge Family Pack 20<\/a><\/td>\n<td>The Partridge Family<\/td>\n<td>Vocals<\/td>\n<\/tr>\n<tr>\n<td>1972<\/td>\n<td><a href=\"http:\/\/www.davidcassidy.com\/fansite\/DiscographyPages\/PFGreatestHitsBell.html\">The Partridge Family Greatest Hits Japan Bell<\/a><\/td>\n<td>The Partridge Family<\/td>\n<td>Vocals<\/td>\n<\/tr>\n<tr>\n<td>1972<\/td>\n<td><a href=\"http:\/\/www.davidcassidy.com\/fansite\/DiscographyPages\/PFGreatestHitsNZ.html\">The Partridge Family Greatest Hits New Zealand EMI<\/a><\/td>\n<td>The Partridge Family<\/td>\n<td>Vocals<\/td>\n<\/tr>\n<tr>\n<td>1973<\/td>\n<td><a href=\"http:\/\/www.davidcassidy.com\/fansite\/DiscographyPages\/CrosswordPuzzle.html\">Crossword Puzzle<\/a><\/td>\n<td>The Partridge Family<\/td>\n<td>Vocals<\/td>\n<\/tr>\n<tr>\n<td>1973<\/td>\n<td><a href=\"http:\/\/www.davidcassidy.com\/fansite\/DiscographyPages\/BulletinBoard.html\">Bulletin Board<\/a><\/td>\n<td>The Partridge Family<\/td>\n<td>Vocals<\/td>\n<\/tr>\n<tr>\n<td>1973<\/td>\n<td><a href=\"http:\/\/www.davidcassidy.com\/fansite\/DiscographyPages\/DreamsAreNuthinMoreThanWishes.html\">Dreams Are Nothin&#8217; More Than Wishe<\/a>s<\/td>\n<td>David Cassidy<\/td>\n<td>Guitar, Percussion, Keyboards, Vocals, Lyricist<\/td>\n<\/tr>\n<tr>\n<td>1974<\/td>\n<td><a href=\"http:\/\/www.davidcassidy.com\/fansite\/DiscographyPages\/GoldDisk.html\">Gold Disk<\/a><\/td>\n<td>David Cassidy<\/td>\n<td>Vocals, Lyricist<\/td>\n<\/tr>\n<tr>\n<td>1974<\/td>\n<td><a href=\"http:\/\/www.davidcassidy.com\/fansite\/DiscographyPages\/NewGoldDisk.html\">New Gold Disk<\/a><\/td>\n<td>David Cassidy<\/td>\n<td>Vocals<\/td>\n<\/tr>\n<tr>\n<td>1974<\/td>\n<td><a href=\"http:\/\/www.davidcassidy.com\/fansite\/DiscographyPages\/CassidyLive.html\">Cassidy Live<\/a><\/td>\n<td>David Cassidy<\/td>\n<td>Guitar, Percussion, Keyboards, Vocals<\/td>\n<\/tr>\n<tr>\n<td>1974<\/td>\n<td><a href=\"http:\/\/www.davidcassidy.com\/fansite\/DiscographyPages\/DCGoldenDoubleSeries.html\">David Cassidy &#8211; Golden Double Series<\/a><\/td>\n<td>David Cassidy<\/td>\n<td>Vocals<\/td>\n<\/tr>\n<tr>\n<td>1974<\/td>\n<td><a href=\"http:\/\/www.davidcassidy.com\/fansite\/DiscographyPages\/TheWorldOfThePartridgeFamily.html\">The World Of The Partridge Family<\/a><\/td>\n<td>The Partridge Family<\/td>\n<td>Vocals<\/td>\n<\/tr>\n<tr>\n<td>1974<\/td>\n<td><a href=\"http:\/\/www.davidcassidy.com\/fansite\/DiscographyPages\/TheLaurieHouseAlbum.html\">The Laurie House Album<\/a><\/td>\n<td>The Partridge Family<\/td>\n<td>Vocals<\/td>\n<\/tr>\n<tr>\n<td>1974<\/td>\n<td><a href=\"http:\/\/www.davidcassidy.com\/fansite\/DiscographyPages\/PFGoldDisk.html\">The Partridge Family Gold Disc<\/a><\/td>\n<td>The Partridge Family<\/td>\n<td>Vocals<\/td>\n<\/tr>\n<tr>\n<td>1974<\/td>\n<td><a href=\"http:\/\/www.davidcassidy.com\/fansite\/DiscographyPages\/PFAFamiliaDoReMi.html\">A Fam\u00edlia D\u00f3-R\u00e9-Mi &#8211; The Partridge Family<\/a><\/td>\n<td>The Partridge Family<\/td>\n<td>Vocals<\/td>\n<\/tr>\n<tr>\n<td>1974<\/td>\n<td><a href=\"http:\/\/www.davidcassidy.com\/fansite\/DiscographyPages\/DavidCassidysGreatestHits.html\">David Cassidy&#8217;s Greatest Hit<\/a><\/td>\n<td>David Cassidy &amp; The Partridge Family<\/td>\n<td>Vocals<\/td>\n<\/tr>\n<tr>\n<td>1974<\/td>\n<td><a href=\"http:\/\/www.davidcassidy.com\/fansite\/DiscographyPages\/DavidCassidyGreats.html\">David Cassidy Greats<\/a><\/td>\n<td>David Cassidy<\/td>\n<td>Vocals, Lyricist<\/td>\n<\/tr>\n<tr>\n<td>1975<\/td>\n<td><a href=\"http:\/\/www.davidcassidy.com\/fansite\/DiscographyPages\/Forever.html\">Forever<\/a><\/td>\n<td>David Cassidy<\/td>\n<td>Guitar, Percussion, Keyboards, Vocals, Lyricist<\/td>\n<\/tr>\n<tr>\n<td>1975<\/td>\n<td><a href=\"http:\/\/www.davidcassidy.com\/fansite\/DiscographyPages\/TheHigherTheyClimb.html\">Higher They Climb the Harder They Fall<\/a><\/td>\n<td>David Cassidy<\/td>\n<td>Guitar, Percussion, Keyboards, Vocals, Lyricist<\/td>\n<\/tr>\n<tr>\n<td>1976<\/td>\n<td><a href=\"http:\/\/www.davidcassidy.com\/fansite\/DiscographyPages\/GettinItInTheStreet.html\">Gettin&#8217; It in the Street<\/a><\/td>\n<td>David Cassidy<\/td>\n<td>Guitar, Percussion, Keyboards, Vocals, Lyricist<\/td>\n<\/tr>\n<tr>\n<td>1976<\/td>\n<td><a href=\"http:\/\/www.davidcassidy.com\/fansite\/DiscographyPages\/HomeIsWhereTheHeartIs.html\">Home Is Where the Heart Is<\/a><\/td>\n<td>David Cassidy<\/td>\n<td>Guitar, Percussion, Keyboards, Vocals, Lyricist<\/td>\n<\/tr>\n<tr>\n<td>1978<\/td>\n<td><a href=\"http:\/\/www.davidcassidy.com\/fansite\/DiscographyPages\/BravoPrasentiert.html\">Bravo Prasentiert<\/a><\/td>\n<td>David Cassidy<\/td>\n<td>Vocals<\/td>\n<\/tr>\n<tr>\n<td>1978<\/td>\n<td>Blue Virgin Isles<\/td>\n<td>Ted G\u00e4rdestad<\/td>\n<td>Vocals<\/td>\n<\/tr>\n<tr>\n<td>1978<\/td>\n<td>Dance a Little Light<\/td>\n<td>Richie Furay<\/td>\n<td>Vocals, Vocals (bckgr)<\/td>\n<\/tr>\n<tr>\n<td>1978<\/td>\n<td>Randy Meisner [1978]<\/td>\n<td>Randy Meisner<\/td>\n<td>Vocals, Vocals (bckgr)<\/td>\n<\/tr>\n<tr>\n<td>1978<\/td>\n<td>Sweet Salvation<\/td>\n<td>Jim Krueger<\/td>\n<td>Vocals (bckgr)<\/td>\n<\/tr>\n<tr>\n<td>1982<\/td>\n<td><a href=\"http:\/\/www.davidcassidy.com\/fansite\/DiscographyPages\/12OriginalSuperClassics.html\">12 Original Super Classics<\/a><\/td>\n<td>David Cassidy<\/td>\n<td>Vocals, Lyricist<\/td>\n<\/tr>\n<tr>\n<td>1984<\/td>\n<td><a href=\"http:\/\/www.davidcassidy.com\/fansite\/DiscographyPages\/BillyAndBlaze.html\">Billy and Blaze Stories<\/a><\/td>\n<td>David Cassidy<\/td>\n<td>Guitar, Vocals<\/td>\n<\/tr>\n<tr>\n<td>1985<\/td>\n<td><a href=\"http:\/\/www.davidcassidy.com\/fansite\/DiscographyPages\/Romance.html\">Romance<\/a><\/td>\n<td>David Cassidy<\/td>\n<td>Guitar, Percussion, Keyboards, Vocals, Lyricist<\/td>\n<\/tr>\n<tr>\n<td>1986<\/td>\n<td><a href=\"http:\/\/www.davidcassidy.com\/fansite\/DiscographyPages\/HisGreatestHitsLive.html\">David Cassidy: His Greatest Hits Live<\/a><\/td>\n<td>David Cassidy<\/td>\n<td>Vocals, Lyricist, Guitar<\/td>\n<\/tr>\n<tr>\n<td>1986<\/td>\n<td><a href=\"http:\/\/www.davidcassidy.com\/fansite\/DiscographyPages\/MyGreatestHitsLive.html\">David Cassidy: My Greatest Hits Live<\/a><\/td>\n<td>David Cassidy<\/td>\n<td>Vocals, Lyricist, Guitar<\/td>\n<\/tr>\n<tr>\n<td>1989<\/td>\n<td><a href=\"http:\/\/www.davidcassidy.com\/fansite\/DiscographyPages\/PFGreatestHitsCD.html\">Greatest Hits<\/a><\/td>\n<td>The Partridge Family<\/td>\n<td>Vocals<\/td>\n<\/tr>\n<tr>\n<td>1990<\/td>\n<td><a href=\"http:\/\/www.davidcassidy.com\/fansite\/DiscographyPages\/DavidCassidy.html\">David Cassidy<\/a><\/td>\n<td>David Cassidy<\/td>\n<td>Guitar, Vocals, Lyricist, Engineer, Assistant Engineer<\/td>\n<\/tr>\n<tr>\n<td>1990<\/td>\n<td>Then &amp; Now<\/td>\n<td>Asia<\/td>\n<td>Producer<\/td>\n<\/tr>\n<tr>\n<td>1991<\/td>\n<td><a href=\"http:\/\/www.davidcassidy.com\/fansite\/DiscographyPages\/BestOfDavidCassidy.html\">Best of David Cassidy [Curb] <\/a><\/td>\n<td>David Cassidy<\/td>\n<td>Vocals, Lyricist<\/td>\n<\/tr>\n<tr>\n<td>1992<\/td>\n<td><a href=\"http:\/\/www.davidcassidy.com\/fansite\/DiscographyPages\/DidntYouUsedToBe.html\">Didn&#8217;t You Used to Be &#8230; <\/a><\/td>\n<td>David Cassidy<\/td>\n<td>Guitar, Composer, Vocals (bckgr), Lyricist<\/td>\n<\/tr>\n<tr>\n<td>1993<\/td>\n<td><a href=\"http:\/\/www.davidcassidy.com\/fansite\/DiscographyPages\/HowCanIBeSure.html\">How Can I Be Sure<\/a><\/td>\n<td>David Cassidy<\/td>\n<td>Vocals, Lyricist<\/td>\n<\/tr>\n<tr>\n<td>1993<\/td>\n<td><a href=\"http:\/\/www.davidcassidy.com\/fansite\/DiscographyPages\/Daydreamer.html\">Daydreamer<\/a><\/td>\n<td>David Cassidy<\/td>\n<td>Vocals, Lyricist, Guitar<\/td>\n<\/tr>\n<tr>\n<td>1995<\/td>\n<td><a href=\"http:\/\/www.davidcassidy.com\/fansite\/DiscographyPages\/BloodBrothersCD.html\">Blood Brothers [International Cast Recording] <\/a><\/td>\n<td>International Cast Recording<\/td>\n<td>Vocals<\/td>\n<\/tr>\n<tr>\n<td>1995<\/td>\n<td><a href=\"http:\/\/www.davidcassidy.com\/fansite\/DiscographyPages\/RomanticDuets.html\">Romantic Duets [Scotti Brothers] <\/a><\/td>\n<td>Various Artists<\/td>\n<td>Vocals<\/td>\n<\/tr>\n<tr>\n<td>1995<\/td>\n<td><a href=\"http:\/\/www.davidcassidy.com\/fansite\/DiscographyPages\/TubeTunesV2.html\">Tube Tunes, Vol. 2: The &#8217;70s &amp; &#8217;80s<\/a><\/td>\n<td>Original Soundtracks<\/td>\n<td>Vocals<\/td>\n<\/tr>\n<tr>\n<td>1985<\/td>\n<td><a href=\"http:\/\/www.davidcassidy.com\/fansite\/DiscographyPages\/Daydreamer.html\">Daydreamer<\/a><\/td>\n<td>David Cassidy<\/td>\n<td>Vocals, Guitar<\/td>\n<\/tr>\n<tr>\n<td>1996<\/td>\n<td><a href=\"http:\/\/www.davidcassidy.com\/fansite\/DiscographyPages\/BestOfDavidCassidy.html\">Best of David Cassidy [Curb] <\/a><\/td>\n<td>David Cassidy<\/td>\n<td>Guitar, Vocals, Lyricist<\/td>\n<\/tr>\n<tr>\n<td>1996<\/td>\n<td><a href=\"http:\/\/www.davidcassidy.com\/fansite\/DiscographyPages\/HalloweenHowls.html\">Halloween Howls<\/a><\/td>\n<td>Andrew Gold<\/td>\n<td>Vocals<\/td>\n<\/tr>\n<tr>\n<td>1996<\/td>\n<td><a href=\"http:\/\/www.davidcassidy.com\/fansite\/DiscographyPages\/TVsGreatestHits.html\">Television&#8217;s Greatest Hits, Vol. 7<\/a><\/td>\n<td>Original Soundtrack<\/td>\n<td>Vocals, Lyricist<\/td>\n<\/tr>\n<tr>\n<td>1996<\/td>\n<td><a href=\"http:\/\/www.davidcassidy.com\/fansite\/DiscographyPages\/WhenImARocknRollStar.html\">When I&#8217;m a Rock &#8216;n&#8217; Roll Star: The David Cassidy Collection<\/a><\/td>\n<td>David Cassidy<\/td>\n<td>Guitar (Acoustic), Piano, Guitar (Electric), Guitar (Rhythm), Vocals, Vocals (bckgr), Producer, String Arrangements, Lyricist<\/td>\n<\/tr>\n<tr>\n<td>1997<\/td>\n<td><a href=\"http:\/\/www.davidcassidy.com\/fansite\/DiscographyPages\/EFXCD.html\">EFX<\/a><\/td>\n<td>Soundtrack<\/td>\n<td>Vocals, Lyricist<\/td>\n<\/tr>\n<tr>\n<td>1997<\/td>\n<td><a href=\"http:\/\/www.davidcassidy.com\/fansite\/DiscographyPages\/SondheimACelebration.html\">Sondheim: A Celebration<\/a><\/td>\n<td>Various Artists<\/td>\n<td>Vocals<\/td>\n<\/tr>\n<tr>\n<td>1998<\/td>\n<td><a href=\"http:\/\/www.davidcassidy.com\/fansite\/DiscographyPages\/ClassicSongs.html\">Classic Songs<\/a><\/td>\n<td>David Cassidy<\/td>\n<td>Vocals<\/td>\n<\/tr>\n<tr>\n<td>1998<\/td>\n<td><a href=\"http:\/\/www.davidcassidy.com\/fansite\/DiscographyPages\/OldTrickNewDog.html\">Old Trick, New Dog<\/a><\/td>\n<td>David Cassidy<\/td>\n<td>Executive Producer, Vocals, Lyricist<\/td>\n<\/tr>\n<tr>\n<td>1998<\/td>\n<td><a href=\"http:\/\/www.davidcassidy.com\/fansite\/DiscographyPages\/DCsPFFavorites.html\">David Cassidy&#8217;s Partridge Family Favorites<\/a><\/td>\n<td>David Cassidy<\/td>\n<td>Vocals, Lyricist<\/td>\n<\/tr>\n<tr>\n<td>2000<\/td>\n<td><a href=\"http:\/\/www.davidcassidy.com\/fansite\/DiscographyPages\/DCandPFTheDefinitiveCollection.html\">Definitive Collection<\/a><\/td>\n<td>David Cassidy &amp; the Partridge Family<\/td>\n<td>Producer, Vocals, Lyricist<\/td>\n<\/tr>\n<tr>\n<td>2001<\/td>\n<td><a href=\"http:\/\/www.davidcassidy.com\/fansite\/DiscographyPages\/DCandPFTheDefinitiveCollection.html\">Definitive Collection [Bonus Tracks] <\/a><\/td>\n<td>David Cassidy &amp; The Partridge Family<\/td>\n<td>Producer, Vocals, Lyricist<\/td>\n<\/tr>\n<tr>\n<td>2001<\/td>\n<td><a href=\"http:\/\/www.davidcassidy.com\/fansite\/DiscographyPages\/ThenAndNow.html\">Then and Now<\/a><\/td>\n<td>David Cassidy<\/td>\n<td>Vocals, Vocals (bckgr), Producer, Lyricist<\/td>\n<\/tr>\n<tr>\n<td>2002<\/td>\n<td>Anthologia: The 20th Anniversary\/Geffen Years&lt; Collection<\/td>\n<td>Asia<\/td>\n<td>Producer<\/td>\n<\/tr>\n<tr>\n<td>2002<\/td>\n<td><a href=\"http:\/\/www.davidcassidy.com\/fansite\/DiscographyPages\/DavidCassidyLiveInConcert2002.html\">David Cassidy &#8211; Live in Concert<\/a><\/td>\n<td>David Cassidy<\/td>\n<td>Vocals, Guitar<\/td>\n<\/tr>\n<tr>\n<td>2003<\/td>\n<td>Kaleidoscope<\/td>\n<td>Petula Clark<\/td>\n<td>?<\/td>\n<\/tr>\n<tr>\n<td>2003<\/td>\n<td><a href=\"http:\/\/www.davidcassidy.com\/fansite\/DiscographyPages\/ATouchOfBlue.html\">A Touch of Blue<\/a><\/td>\n<td>David Cassidy<\/td>\n<td>Vocals, Producer, Liner Notes, Lyricist<\/td>\n<\/tr>\n<tr>\n<td>2004<\/td>\n<td><a href=\"http:\/\/www.davidcassidy.com\/fansite\/DiscographyPages\/DavidCassidyGreatestHitsLive.html\">David Cassidy Greatest Hits Live<\/a><\/td>\n<td>David Cassidy<\/td>\n<td>Vocals, Guitar<\/td>\n<\/tr>\n<tr>\n<td>2005<\/td>\n<td><a href=\"http:\/\/www.davidcassidy.com\/fansite\/DiscographyPages\/ComeOnGetHappy.html\">Come on Get Happy! The Very Best of the Partridge Family<\/a><\/td>\n<td>The Partridge Family<\/td>\n<td>Vocals<\/td>\n<\/tr>\n<tr>\n<td>2005<\/td>\n<td>Gold<\/td>\n<td>Asia<\/td>\n<td>Producer<\/td>\n<\/tr>\n<tr>\n<td>2006<\/td>\n<td><a href=\"http:\/\/www.davidcassidy.com\/fansite\/DiscographyPages\/CouldItBeForeverCD.html\">Could It Be Forever&#8230; The Greatest Hits<\/a><\/td>\n<td>David Cassidy &amp; the Partridge Family<\/td>\n<td>Vocals, Producer, Liner Notes<\/td>\n<\/tr>\n<tr>\n<td>2007<\/td>\n<td><a href=\"http:\/\/www.davidcassidy.com\/fansite\/DiscographyPages\/DCPartIITheRemix.html\">Dance Party Remix<\/a><\/td>\n<td>David Cassidy<\/td>\n<td>Vocals, Vocals (bckgr)<\/td>\n<\/tr>\n<tr>\n<td>2008<\/td>\n<td><a href=\"http:\/\/www.davidcassidy.com\/fansite\/DiscographyPages\/DCLiveInConcert.html\">Live In Concert<\/a><\/td>\n<td>David Cassidy<\/td>\n<td>Vocals, Guitar, Lyricist<\/td>\n<\/tr>\n<tr>\n<td>2010<\/td>\n<td><a href=\"http:\/\/www.davidcassidy.com\/fansite\/DiscographyPages\/IThinkILoveYouGreatestHitsLive.html\">I Think I Love You: Greatest Hits Live (W\/Dvd)<\/a><\/td>\n<td>David Cassidy<\/td>\n<td>Vocals, Guitar, Lyricist<\/td>\n<\/tr>\n<\/tbody>\n<\/table>\n","protected":false},"excerpt":{"rendered":"<p>Follow the links below for further details of each of David\u2019s albums and their songs. Or click on the following links: Lyrics David Cassidy Albums David Cassidy Singles Partridge Family Albums Partridge Family Singles Songs written by David Music Videos &hellip; <a href=\"https:\/\/www.davidcassidy.com\/blog\/music\/\">Continue reading <span class=\"meta-nav\">&rarr;<\/span><\/a><\/p>\n","protected":false},"author":1,"featured_media":0,"parent":0,"menu_order":0,"comment_status":"closed","ping_status":"open","template":"","meta":{"ngg_post_thumbnail":0,"footnotes":""},"class_list":["post-10","page","type-page","status-publish","hentry"],"aioseo_notices":[],"_links":{"self":[{"href":"https:\/\/www.davidcassidy.com\/blog\/wp-json\/wp\/v2\/pages\/10","targetHints":{"allow":["GET"]}}],"collection":[{"href":"https:\/\/www.davidcassidy.com\/blog\/wp-json\/wp\/v2\/pages"}],"about":[{"href":"https:\/\/www.davidcassidy.com\/blog\/wp-json\/wp\/v2\/types\/page"}],"author":[{"embeddable":true,"href":"https:\/\/www.davidcassidy.com\/blog\/wp-json\/wp\/v2\/users\/1"}],"replies":[{"embeddable":true,"href":"https:\/\/www.davidcassidy.com\/blog\/wp-json\/wp\/v2\/comments?post=10"}],"version-history":[{"count":0,"href":"https:\/\/www.davidcassidy.com\/blog\/wp-json\/wp\/v2\/pages\/10\/revisions"}],"wp:attachment":[{"href":"https:\/\/www.davidcassidy.com\/blog\/wp-json\/wp\/v2\/media?parent=10"}],"curies":[{"name":"wp","href":"https:\/\/api.w.org\/{rel}","templated":true}]}}